{"id":22572,"date":"2024-02-28T10:55:25","date_gmt":"2024-02-28T10:55:25","guid":{"rendered":"https:\/\/staging.larive.com\/inzichten-downloads\/"},"modified":"2024-07-08T08:10:33","modified_gmt":"2024-07-08T08:10:33","slug":"inzichten-downloads","status":"publish","type":"page","link":"https:\/\/staging.larive.com\/nl\/inzichten-downloads\/","title":{"rendered":"Inzichten &amp; downloads"},"content":{"rendered":"\t\t<div data-elementor-type=\"wp-page\" data-elementor-id=\"22572\" class=\"elementor elementor-22572\" data-elementor-post-type=\"page\">\n\t\t\t\t<div class=\"elementor-element elementor-element-4161262 e-flex e-con-boxed e-con e-parent\" data-id=\"4161262\" data-element_type=\"container\" data-e-type=\"container\" data-settings=\"{&quot;background_background&quot;:&quot;classic&quot;}\">\n\t\t\t\t\t<div class=\"e-con-inner\">\n\t\t<div class=\"elementor-element elementor-element-60bd43b e-flex e-con-boxed e-con e-child\" data-id=\"60bd43b\" data-element_type=\"container\" data-e-type=\"container\">\n\t\t\t\t\t<div class=\"e-con-inner\">\n\t\t\t\t<div class=\"elementor-element elementor-element-8613dd6 elementor-widget elementor-widget-heading\" data-id=\"8613dd6\" data-element_type=\"widget\" data-e-type=\"widget\" data-widget_type=\"heading.default\">\n\t\t\t\t<div class=\"elementor-widget-container\">\n\t\t\t\t\t<p class=\"elementor-heading-title elementor-size-default\"><a href=\"\/\">Home<\/a><\/p>\t\t\t\t<\/div>\n\t\t\t\t<\/div>\n\t\t\t\t<div class=\"elementor-element elementor-element-7fd82b3 elementor-widget elementor-widget-heading\" data-id=\"7fd82b3\" data-element_type=\"widget\" data-e-type=\"widget\" data-widget_type=\"heading.default\">\n\t\t\t\t<div class=\"elementor-widget-container\">\n\t\t\t\t\t<h6 class=\"elementor-heading-title elementor-size-default\"> &gt; <\/h6>\t\t\t\t<\/div>\n\t\t\t\t<\/div>\n\t\t\t\t<div class=\"elementor-element elementor-element-288277a elementor-widget elementor-widget-heading\" data-id=\"288277a\" data-element_type=\"widget\" data-e-type=\"widget\" data-widget_type=\"heading.default\">\n\t\t\t\t<div class=\"elementor-widget-container\">\n\t\t\t\t\t<h6 class=\"elementor-heading-title elementor-size-default\"><a href=\"https:\/\/staging.larive.com\/about\/\">Over ons<\/a><\/h6>\t\t\t\t<\/div>\n\t\t\t\t<\/div>\n\t\t\t\t<div class=\"elementor-element elementor-element-95858f8 elementor-widget elementor-widget-heading\" data-id=\"95858f8\" data-element_type=\"widget\" data-e-type=\"widget\" data-widget_type=\"heading.default\">\n\t\t\t\t<div class=\"elementor-widget-container\">\n\t\t\t\t\t<h6 class=\"elementor-heading-title elementor-size-default\"> &gt; <\/h6>\t\t\t\t<\/div>\n\t\t\t\t<\/div>\n\t\t\t\t<div class=\"elementor-element elementor-element-eca232a elementor-widget elementor-widget-theme-post-title elementor-page-title elementor-widget-heading\" data-id=\"eca232a\" data-element_type=\"widget\" data-e-type=\"widget\" data-widget_type=\"theme-post-title.default\">\n\t\t\t\t<div class=\"elementor-widget-container\">\n\t\t\t\t\t<h6 class=\"elementor-heading-title elementor-size-default\">Inzichten &amp; downloads<\/h6>\t\t\t\t<\/div>\n\t\t\t\t<\/div>\n\t\t\t\t\t<\/div>\n\t\t\t\t<\/div>\n\t\t<div class=\"elementor-element elementor-element-83a8e2e e-flex e-con-boxed e-con e-child\" data-id=\"83a8e2e\" data-element_type=\"container\" data-e-type=\"container\">\n\t\t\t\t\t<div class=\"e-con-inner\">\n\t\t<div class=\"elementor-element elementor-element-f8023c4 e-con-full e-flex e-con e-child\" data-id=\"f8023c4\" data-element_type=\"container\" data-e-type=\"container\">\n\t\t\t\t<div class=\"elementor-element elementor-element-a20019b elementor-widget elementor-widget-heading\" data-id=\"a20019b\" data-element_type=\"widget\" data-e-type=\"widget\" data-widget_type=\"heading.default\">\n\t\t\t\t<div class=\"elementor-widget-container\">\n\t\t\t\t\t<h2 class=\"elementor-heading-title elementor-size-default\">Inzichten door Larive<\/h2>\t\t\t\t<\/div>\n\t\t\t\t<\/div>\n\t\t\t\t<div class=\"elementor-element elementor-element-2d7358e elementor-widget elementor-widget-text-editor\" data-id=\"2d7358e\" data-element_type=\"widget\" data-e-type=\"widget\" data-widget_type=\"text-editor.default\">\n\t\t\t\t<div class=\"elementor-widget-container\">\n\t\t\t\t\t\t\t\t\t<div>\n<div>\n<div>\n<div>\n<div>\n<div>Ontdek Larive&#8217;s insights &amp; downloads hub &#8211; een verzameling waardevolle bronnen over opkomende economie\u00ebn. Download marktanalyses, bedrijfsstrategie\u00ebn en praktische tools van de experts van Larive om uw bedrijfsstrategie\u00ebn te verbeteren.<\/div>\n<\/div>\n<\/div>\n<div> <\/div>\n<\/div>\n<\/div>\n<\/div>\t\t\t\t\t\t\t\t<\/div>\n\t\t\t\t<\/div>\n\t\t\t\t<div class=\"elementor-element elementor-element-6439a7e elementor-widget elementor-widget-html\" data-id=\"6439a7e\" data-element_type=\"widget\" data-e-type=\"widget\" data-widget_type=\"html.default\">\n\t\t\t\t<div class=\"elementor-widget-container\">\n\t\t\t\t\t<div class=\"elementor-button-wrapper\">\n\t\t\t<a style=\"background-color:#7A7A7A82;\" data-url=\"\/wp-content\/uploads\/2024\/07\/Larive-International-Whitepaper-2024-Emerging-market-opportunities.pdf\" class=\"elementor-button elementor-button-link elementor-size-sm post_id download-file-url\" href=\"#pop-up\">\n\t\t\t\t\t\t<span class=\"elementor-button-content-wrapper\">\n\t\t\t\t\t\t<span class=\"elementor-button-icon elementor-align-icon-right\">\n\t\t\t\t<svg xmlns=\"http:\/\/www.w3.org\/2000\/svg\" aria-hidden=\"true\" class=\"e-font-icon-svg e-fas-angle-right\" viewbox=\"0 0 256 512\"><path d=\"M224.3 273l-136 136c-9.4 9.4-24.6 9.4-33.9 0l-22.6-22.6c-9.4-9.4-9.4-24.6 0-33.9l96.4-96.4-96.4-96.4c-9.4-9.4-9.4-24.6 0-33.9L54.3 103c9.4-9.4 24.6-9.4 33.9 0l136 136c9.5 9.4 9.5 24.6.1 34z\"><\/path><\/svg>\t\t\t<\/span>\n\t\t\t\t\t\t<span class=\"elementor-button-text\">Download onze whitepaper<\/span>\n\t\t<\/span>\n\t\t\t\t\t<\/a>\n\t\t<\/div>\n\n\t\t\t\t<\/div>\n\t\t\t\t<\/div>\n\t\t\t\t<\/div>\n\t\t<div class=\"elementor-element elementor-element-fd7b7ce e-con-full e-flex e-con e-child\" data-id=\"fd7b7ce\" data-element_type=\"container\" data-e-type=\"container\">\n\t\t\t\t<\/div>\n\t\t\t\t\t<\/div>\n\t\t\t\t<\/div>\n\t\t\t\t\t<\/div>\n\t\t\t\t<\/div>\n\t\t<div class=\"elementor-element elementor-element-63d35e7 e-flex e-con-boxed e-con e-parent\" data-id=\"63d35e7\" data-element_type=\"container\" data-e-type=\"container\">\n\t\t\t\t\t<div class=\"e-con-inner\">\n\t\t\t\t<div class=\"elementor-element elementor-element-8966bb5 elementor-widget elementor-widget-heading\" data-id=\"8966bb5\" data-element_type=\"widget\" data-e-type=\"widget\" data-widget_type=\"heading.default\">\n\t\t\t\t<div class=\"elementor-widget-container\">\n\t\t\t\t\t<h2 class=\"elementor-heading-title elementor-size-default\">Sector- en landeninformatie<\/h2>\t\t\t\t<\/div>\n\t\t\t\t<\/div>\n\t\t\t\t<div class=\"elementor-element elementor-element-c49d836 elementor-grid-1 elementor-grid-tablet-2 elementor-grid-mobile-1 elementor-widget elementor-widget-loop-grid\" data-id=\"c49d836\" data-element_type=\"widget\" data-e-type=\"widget\" data-settings=\"{&quot;template_id&quot;:14387,&quot;columns&quot;:1,&quot;_skin&quot;:&quot;post&quot;,&quot;columns_tablet&quot;:&quot;2&quot;,&quot;columns_mobile&quot;:&quot;1&quot;,&quot;edit_handle_selector&quot;:&quot;[data-elementor-type=\\&quot;loop-item\\&quot;]&quot;,&quot;row_gap&quot;:{&quot;unit&quot;:&quot;px&quot;,&quot;size&quot;:&quot;&quot;,&quot;sizes&quot;:[]},&quot;row_gap_laptop&quot;:{&quot;unit&quot;:&quot;px&quot;,&quot;size&quot;:&quot;&quot;,&quot;sizes&quot;:[]},&quot;row_gap_tablet&quot;:{&quot;unit&quot;:&quot;px&quot;,&quot;size&quot;:&quot;&quot;,&quot;sizes&quot;:[]},&quot;row_gap_mobile&quot;:{&quot;unit&quot;:&quot;px&quot;,&quot;size&quot;:&quot;&quot;,&quot;sizes&quot;:[]}}\" data-widget_type=\"loop-grid.post\">\n\t\t\t\t<div class=\"elementor-widget-container\">\n\t\t\t\t\t\t\t<div class=\"e-loop-nothing-found-message\">\n\t\t<\/div>\n\t\t\t\t\t\t<\/div>\n\t\t\t\t<\/div>\n\t\t\t\t\t<\/div>\n\t\t\t\t<\/div>\n\t\t<div class=\"elementor-element elementor-element-3c8e0fe e-flex e-con-boxed e-con e-parent\" data-id=\"3c8e0fe\" data-element_type=\"container\" data-e-type=\"container\">\n\t\t\t\t\t<div class=\"e-con-inner\">\n\t\t\t\t<div class=\"elementor-element elementor-element-bc5b6d6 elementor-widget elementor-widget-heading\" data-id=\"bc5b6d6\" data-element_type=\"widget\" data-e-type=\"widget\" data-widget_type=\"heading.default\">\n\t\t\t\t<div class=\"elementor-widget-container\">\n\t\t\t\t\t<h2 class=\"elementor-heading-title elementor-size-default\">Media<\/h2>\t\t\t\t<\/div>\n\t\t\t\t<\/div>\n\t\t\t\t<div class=\"elementor-element elementor-element-7d15f26 elementor-grid-1 elementor-grid-tablet-2 elementor-grid-mobile-1 elementor-widget elementor-widget-loop-grid\" data-id=\"7d15f26\" data-element_type=\"widget\" data-e-type=\"widget\" data-settings=\"{&quot;template_id&quot;:14387,&quot;columns&quot;:1,&quot;_skin&quot;:&quot;post&quot;,&quot;columns_tablet&quot;:&quot;2&quot;,&quot;columns_mobile&quot;:&quot;1&quot;,&quot;edit_handle_selector&quot;:&quot;[data-elementor-type=\\&quot;loop-item\\&quot;]&quot;,&quot;row_gap&quot;:{&quot;unit&quot;:&quot;px&quot;,&quot;size&quot;:&quot;&quot;,&quot;sizes&quot;:[]},&quot;row_gap_laptop&quot;:{&quot;unit&quot;:&quot;px&quot;,&quot;size&quot;:&quot;&quot;,&quot;sizes&quot;:[]},&quot;row_gap_tablet&quot;:{&quot;unit&quot;:&quot;px&quot;,&quot;size&quot;:&quot;&quot;,&quot;sizes&quot;:[]},&quot;row_gap_mobile&quot;:{&quot;unit&quot;:&quot;px&quot;,&quot;size&quot;:&quot;&quot;,&quot;sizes&quot;:[]}}\" data-widget_type=\"loop-grid.post\">\n\t\t\t\t<div class=\"elementor-widget-container\">\n\t\t\t\t\t\t\t<div class=\"e-loop-nothing-found-message\">\n\t\t<\/div>\n\t\t\t\t\t\t<\/div>\n\t\t\t\t<\/div>\n\t\t\t\t\t<\/div>\n\t\t\t\t<\/div>\n\t\t<div class=\"elementor-element elementor-element-38f7ed5 e-flex e-con-boxed e-con e-parent\" data-id=\"38f7ed5\" data-element_type=\"container\" data-e-type=\"container\">\n\t\t\t\t\t<div class=\"e-con-inner\">\n\t\t<div class=\"elementor-element elementor-element-52118cc e-flex e-con-boxed e-con e-child\" data-id=\"52118cc\" data-element_type=\"container\" data-e-type=\"container\" data-settings=\"{&quot;background_background&quot;:&quot;classic&quot;}\">\n\t\t\t\t\t<div class=\"e-con-inner\">\n\t\t<div class=\"elementor-element elementor-element-d40f3f7 e-con-full e-flex e-con e-child\" data-id=\"d40f3f7\" data-element_type=\"container\" data-e-type=\"container\">\n\t\t\t\t<div class=\"elementor-element elementor-element-835fa99 elementor-widget elementor-widget-heading\" data-id=\"835fa99\" data-element_type=\"widget\" data-e-type=\"widget\" data-widget_type=\"heading.default\">\n\t\t\t\t<div class=\"elementor-widget-container\">\n\t\t\t\t\t<h3 class=\"elementor-heading-title elementor-size-default\">Whitepaper: De enorme kracht van opkomende markten<\/h3>\t\t\t\t<\/div>\n\t\t\t\t<\/div>\n\t\t\t\t<div class=\"elementor-element elementor-element-4299676 elementor-widget elementor-widget-text-editor\" data-id=\"4299676\" data-element_type=\"widget\" data-e-type=\"widget\" data-widget_type=\"text-editor.default\">\n\t\t\t\t<div class=\"elementor-widget-container\">\n\t\t\t\t\t\t\t\t\t<div class=\"sp\">\n<div class=\"inspectLayerContent block inspectRow\">\n<div class=\"content\">Ontdek het potentieel van opkomende markten. In deze whitepaper lees je waarom opkomende markten groeikansen bieden die je niet wilt missen.<\/div>\n<\/div>\n<\/div>\n\t\t\t\t\t\t\t\t<\/div>\n\t\t\t\t<\/div>\n\t\t\t\t<div class=\"elementor-element elementor-element-230f887 elementor-widget elementor-widget-button\" data-id=\"230f887\" data-element_type=\"widget\" data-e-type=\"widget\" data-widget_type=\"button.default\">\n\t\t\t\t<div class=\"elementor-widget-container\">\n\t\t\t\t\t\t\t\t\t<div class=\"elementor-button-wrapper\">\n\t\t\t\t\t<a class=\"elementor-button elementor-button-link elementor-size-sm\" href=\"#elementor-action%3Aaction%3Dpopup%3Aopen%26settings%3DeyJpZCI6IjMyOCIsInRvZ2dsZSI6ZmFsc2V9\">\n\t\t\t\t\t\t<span class=\"elementor-button-content-wrapper\">\n\t\t\t\t\t\t<span class=\"elementor-button-icon\">\n\t\t\t\t<svg xmlns=\"http:\/\/www.w3.org\/2000\/svg\" width=\"28.284\" height=\"28.284\" viewBox=\"0 0 28.284 28.284\"><path id=\"arrow_forward_FILL0_wght400_GRAD0_opsz24_1_\" data-name=\"arrow_forward_FILL0_wght400_GRAD0_opsz24 (1)\" d=\"M175.219-788.75H160v-2.5h15.219l-7-7L170-800l10,10-10,10-1.781-1.75Z\" transform=\"translate(-664.68 452.548) rotate(45)\" fill=\"#fff\"><\/path><\/svg>\t\t\t<\/span>\n\t\t\t\t\t\t\t\t\t<span class=\"elementor-button-text\">Neem contact op voor uw exemplaar<\/span>\n\t\t\t\t\t<\/span>\n\t\t\t\t\t<\/a>\n\t\t\t\t<\/div>\n\t\t\t\t\t\t\t\t<\/div>\n\t\t\t\t<\/div>\n\t\t\t\t<\/div>\n\t\t<div class=\"elementor-element elementor-element-4f6f6fd e-con-full e-flex e-con e-child\" data-id=\"4f6f6fd\" data-element_type=\"container\" data-e-type=\"container\">\n\t\t\t\t<div class=\"elementor-element elementor-element-d797d04 elementor-widget__width-initial elementor-widget-mobile__width-initial elementor-widget elementor-widget-image\" data-id=\"d797d04\" data-element_type=\"widget\" data-e-type=\"widget\" data-widget_type=\"image.default\">\n\t\t\t\t<div class=\"elementor-widget-container\">\n\t\t\t\t\t\t\t\t\t\t\t\t\t\t\t<img fetchpriority=\"high\" decoding=\"async\" width=\"1024\" height=\"941\" src=\"https:\/\/staging.larive.com\/wp-content\/uploads\/2024\/04\/emerging-markets-1024x941.png\" class=\"attachment-large size-large wp-image-18888\" alt=\"\" srcset=\"https:\/\/staging.larive.com\/wp-content\/uploads\/2024\/04\/emerging-markets-1024x941.png 1024w, https:\/\/staging.larive.com\/wp-content\/uploads\/2024\/04\/emerging-markets-300x276.png 300w, https:\/\/staging.larive.com\/wp-content\/uploads\/2024\/04\/emerging-markets-768x706.png 768w, https:\/\/staging.larive.com\/wp-content\/uploads\/2024\/04\/emerging-markets.png 1480w\" sizes=\"(max-width: 1024px) 100vw, 1024px\" \/>\t\t\t\t\t\t\t\t\t\t\t\t\t\t\t<\/div>\n\t\t\t\t<\/div>\n\t\t\t\t<\/div>\n\t\t\t\t\t<\/div>\n\t\t\t\t<\/div>\n\t\t\t\t\t<\/div>\n\t\t\t\t<\/div>\n\t\t\t\t<\/div>\n\t\t","protected":false},"excerpt":{"rendered":"<p>Home > Over ons > Inzichten door Larive Ontdek Larive&#8217;s insights &amp; downloads hub &#8211; een verzameling waardevolle bronnen over [&hellip;]<\/p>\n","protected":false},"author":1,"featured_media":0,"parent":0,"menu_order":0,"comment_status":"closed","ping_status":"closed","template":"","meta":{"_acf_changed":false,"site-sidebar-layout":"no-sidebar","site-content-layout":"","ast-site-content-layout":"full-width-container","site-content-style":"default","site-sidebar-style":"default","ast-global-header-display":"","ast-banner-title-visibility":"","ast-main-header-display":"","ast-hfb-above-header-display":"","ast-hfb-below-header-display":"","ast-hfb-mobile-header-display":"","site-post-title":"disabled","ast-breadcrumbs-content":"","ast-featured-img":"disabled","footer-sml-layout":"","theme-transparent-header-meta":"default","adv-header-id-meta":"","stick-header-meta":"","header-above-stick-meta":"","header-main-stick-meta":"","header-below-stick-meta":"","astra-migrate-meta-layouts":"default","ast-page-background-enabled":"default","ast-page-background-meta":{"desktop":{"background-color":"var(--ast-global-color-4)","background-image":"","background-repeat":"repeat","background-position":"center center","background-size":"auto","background-attachment":"scroll","background-type":"","background-media":"","overlay-type":"","overlay-color":"","overlay-opacity":"","overlay-gradient":""},"tablet":{"background-color":"","background-image":"","background-repeat":"repeat","background-position":"center center","background-size":"auto","background-attachment":"scroll","background-type":"","background-media":"","overlay-type":"","overlay-color":"","overlay-opacity":"","overlay-gradient":""},"mobile":{"background-color":"","background-image":"","background-repeat":"repeat","background-position":"center center","background-size":"auto","background-attachment":"scroll","background-type":"","background-media":"","overlay-type":"","overlay-color":"","overlay-opacity":"","overlay-gradient":""}},"ast-content-background-meta":{"desktop":{"background-color":"var(--ast-global-color-5)","background-image":"","background-repeat":"repeat","background-position":"center center","background-size":"auto","background-attachment":"scroll","background-type":"","background-media":"","overlay-type":"","overlay-color":"","overlay-opacity":"","overlay-gradient":""},"tablet":{"background-color":"var(--ast-global-color-5)","background-image":"","background-repeat":"repeat","background-position":"center center","background-size":"auto","background-attachment":"scroll","background-type":"","background-media":"","overlay-type":"","overlay-color":"","overlay-opacity":"","overlay-gradient":""},"mobile":{"background-color":"var(--ast-global-color-5)","background-image":"","background-repeat":"repeat","background-position":"center center","background-size":"auto","background-attachment":"scroll","background-type":"","background-media":"","overlay-type":"","overlay-color":"","overlay-opacity":"","overlay-gradient":""}},"footnotes":""},"class_list":["post-22572","page","type-page","status-publish","hentry"],"acf":[],"yoast_head":"<!-- This site is optimized with the Yoast SEO plugin v27.3 - https:\/\/yoast.com\/product\/yoast-seo-wordpress\/ -->\n<title>Inzichten &amp; downloads - Larive International | Your partner in emerging markets<\/title>\n<meta name=\"robots\" content=\"index, follow, max-snippet:-1, max-image-preview:large, max-video-preview:-1\" \/>\n<link rel=\"canonical\" href=\"https:\/\/staging.larive.com\/nl\/inzichten-downloads\/\" \/>\n<meta property=\"og:locale\" content=\"nl_NL\" \/>\n<meta property=\"og:type\" content=\"article\" \/>\n<meta property=\"og:title\" content=\"Inzichten &amp; downloads - Larive International | Your partner in emerging markets\" \/>\n<meta property=\"og:description\" content=\"Home &gt; Over ons &gt; Inzichten door Larive Ontdek Larive&#8217;s insights &amp; downloads hub &#8211; een verzameling waardevolle bronnen over [&hellip;]\" \/>\n<meta property=\"og:url\" content=\"https:\/\/staging.larive.com\/nl\/inzichten-downloads\/\" \/>\n<meta property=\"og:site_name\" content=\"Larive International | Your partner in emerging markets\" \/>\n<meta property=\"article:modified_time\" content=\"2024-07-08T08:10:33+00:00\" \/>\n<meta property=\"og:image\" content=\"https:\/\/staging.larive.com\/wp-content\/uploads\/2024\/04\/emerging-markets-1024x941.png\" \/>\n<meta name=\"twitter:card\" content=\"summary_large_image\" \/>\n<meta name=\"twitter:site\" content=\"@Larivegroup\" \/>\n<script type=\"application\/ld+json\" class=\"yoast-schema-graph\">{\"@context\":\"https:\\\/\\\/schema.org\",\"@graph\":[{\"@type\":\"WebPage\",\"@id\":\"https:\\\/\\\/staging.larive.com\\\/nl\\\/inzichten-downloads\\\/\",\"url\":\"https:\\\/\\\/staging.larive.com\\\/nl\\\/inzichten-downloads\\\/\",\"name\":\"Inzichten &amp; downloads - Larive International | Your partner in emerging markets\",\"isPartOf\":{\"@id\":\"https:\\\/\\\/staging.larive.com\\\/nl\\\/#website\"},\"primaryImageOfPage\":{\"@id\":\"https:\\\/\\\/staging.larive.com\\\/nl\\\/inzichten-downloads\\\/#primaryimage\"},\"image\":{\"@id\":\"https:\\\/\\\/staging.larive.com\\\/nl\\\/inzichten-downloads\\\/#primaryimage\"},\"thumbnailUrl\":\"https:\\\/\\\/staging.larive.com\\\/wp-content\\\/uploads\\\/2024\\\/04\\\/emerging-markets-1024x941.png\",\"datePublished\":\"2024-02-28T10:55:25+00:00\",\"dateModified\":\"2024-07-08T08:10:33+00:00\",\"inLanguage\":\"nl-NL\",\"potentialAction\":[{\"@type\":\"ReadAction\",\"target\":[\"https:\\\/\\\/staging.larive.com\\\/nl\\\/inzichten-downloads\\\/\"]}]},{\"@type\":\"ImageObject\",\"inLanguage\":\"nl-NL\",\"@id\":\"https:\\\/\\\/staging.larive.com\\\/nl\\\/inzichten-downloads\\\/#primaryimage\",\"url\":\"https:\\\/\\\/staging.larive.com\\\/wp-content\\\/uploads\\\/2024\\\/04\\\/emerging-markets-1024x941.png\",\"contentUrl\":\"https:\\\/\\\/staging.larive.com\\\/wp-content\\\/uploads\\\/2024\\\/04\\\/emerging-markets-1024x941.png\"},{\"@type\":\"WebSite\",\"@id\":\"https:\\\/\\\/staging.larive.com\\\/nl\\\/#website\",\"url\":\"https:\\\/\\\/staging.larive.com\\\/nl\\\/\",\"name\":\"Larive International\",\"description\":\"Larive International is an expert in strategic business development in emerging markets. Over 300 experts across more than 25 countries.\",\"publisher\":{\"@id\":\"https:\\\/\\\/staging.larive.com\\\/nl\\\/#organization\"},\"potentialAction\":[{\"@type\":\"SearchAction\",\"target\":{\"@type\":\"EntryPoint\",\"urlTemplate\":\"https:\\\/\\\/staging.larive.com\\\/nl\\\/?s={search_term_string}\"},\"query-input\":{\"@type\":\"PropertyValueSpecification\",\"valueRequired\":true,\"valueName\":\"search_term_string\"}}],\"inLanguage\":\"nl-NL\"},{\"@type\":\"Organization\",\"@id\":\"https:\\\/\\\/staging.larive.com\\\/nl\\\/#organization\",\"name\":\"Larive International\",\"url\":\"https:\\\/\\\/staging.larive.com\\\/nl\\\/\",\"logo\":{\"@type\":\"ImageObject\",\"inLanguage\":\"nl-NL\",\"@id\":\"https:\\\/\\\/staging.larive.com\\\/nl\\\/#\\\/schema\\\/logo\\\/image\\\/\",\"url\":\"https:\\\/\\\/staging.larive.com\\\/wp-content\\\/uploads\\\/2024\\\/07\\\/Larive-International.png\",\"contentUrl\":\"https:\\\/\\\/staging.larive.com\\\/wp-content\\\/uploads\\\/2024\\\/07\\\/Larive-International.png\",\"width\":512,\"height\":512,\"caption\":\"Larive International\"},\"image\":{\"@id\":\"https:\\\/\\\/staging.larive.com\\\/nl\\\/#\\\/schema\\\/logo\\\/image\\\/\"},\"sameAs\":[\"https:\\\/\\\/x.com\\\/Larivegroup\",\"https:\\\/\\\/www.linkedin.com\\\/company\\\/larive\",\"https:\\\/\\\/www.youtube.com\\\/channel\\\/UCmpf6n4F7Mq-GVRsVAcP2Qw\"]}]}<\/script>\n<!-- \/ Yoast SEO plugin. -->","yoast_head_json":{"title":"Inzichten &amp; downloads - Larive International | Your partner in emerging markets","robots":{"index":"index","follow":"follow","max-snippet":"max-snippet:-1","max-image-preview":"max-image-preview:large","max-video-preview":"max-video-preview:-1"},"canonical":"https:\/\/staging.larive.com\/nl\/inzichten-downloads\/","og_locale":"nl_NL","og_type":"article","og_title":"Inzichten &amp; downloads - Larive International | Your partner in emerging markets","og_description":"Home > Over ons > Inzichten door Larive Ontdek Larive&#8217;s insights &amp; downloads hub &#8211; een verzameling waardevolle bronnen over [&hellip;]","og_url":"https:\/\/staging.larive.com\/nl\/inzichten-downloads\/","og_site_name":"Larive International | Your partner in emerging markets","article_modified_time":"2024-07-08T08:10:33+00:00","og_image":[{"url":"https:\/\/staging.larive.com\/wp-content\/uploads\/2024\/04\/emerging-markets-1024x941.png","type":"","width":"","height":""}],"twitter_card":"summary_large_image","twitter_site":"@Larivegroup","schema":{"@context":"https:\/\/schema.org","@graph":[{"@type":"WebPage","@id":"https:\/\/staging.larive.com\/nl\/inzichten-downloads\/","url":"https:\/\/staging.larive.com\/nl\/inzichten-downloads\/","name":"Inzichten &amp; downloads - Larive International | Your partner in emerging markets","isPartOf":{"@id":"https:\/\/staging.larive.com\/nl\/#website"},"primaryImageOfPage":{"@id":"https:\/\/staging.larive.com\/nl\/inzichten-downloads\/#primaryimage"},"image":{"@id":"https:\/\/staging.larive.com\/nl\/inzichten-downloads\/#primaryimage"},"thumbnailUrl":"https:\/\/staging.larive.com\/wp-content\/uploads\/2024\/04\/emerging-markets-1024x941.png","datePublished":"2024-02-28T10:55:25+00:00","dateModified":"2024-07-08T08:10:33+00:00","inLanguage":"nl-NL","potentialAction":[{"@type":"ReadAction","target":["https:\/\/staging.larive.com\/nl\/inzichten-downloads\/"]}]},{"@type":"ImageObject","inLanguage":"nl-NL","@id":"https:\/\/staging.larive.com\/nl\/inzichten-downloads\/#primaryimage","url":"https:\/\/staging.larive.com\/wp-content\/uploads\/2024\/04\/emerging-markets-1024x941.png","contentUrl":"https:\/\/staging.larive.com\/wp-content\/uploads\/2024\/04\/emerging-markets-1024x941.png"},{"@type":"WebSite","@id":"https:\/\/staging.larive.com\/nl\/#website","url":"https:\/\/staging.larive.com\/nl\/","name":"Larive International","description":"Larive International is an expert in strategic business development in emerging markets. Over 300 experts across more than 25 countries.","publisher":{"@id":"https:\/\/staging.larive.com\/nl\/#organization"},"potentialAction":[{"@type":"SearchAction","target":{"@type":"EntryPoint","urlTemplate":"https:\/\/staging.larive.com\/nl\/?s={search_term_string}"},"query-input":{"@type":"PropertyValueSpecification","valueRequired":true,"valueName":"search_term_string"}}],"inLanguage":"nl-NL"},{"@type":"Organization","@id":"https:\/\/staging.larive.com\/nl\/#organization","name":"Larive International","url":"https:\/\/staging.larive.com\/nl\/","logo":{"@type":"ImageObject","inLanguage":"nl-NL","@id":"https:\/\/staging.larive.com\/nl\/#\/schema\/logo\/image\/","url":"https:\/\/staging.larive.com\/wp-content\/uploads\/2024\/07\/Larive-International.png","contentUrl":"https:\/\/staging.larive.com\/wp-content\/uploads\/2024\/07\/Larive-International.png","width":512,"height":512,"caption":"Larive International"},"image":{"@id":"https:\/\/staging.larive.com\/nl\/#\/schema\/logo\/image\/"},"sameAs":["https:\/\/x.com\/Larivegroup","https:\/\/www.linkedin.com\/company\/larive","https:\/\/www.youtube.com\/channel\/UCmpf6n4F7Mq-GVRsVAcP2Qw"]}]}},"_links":{"self":[{"href":"https:\/\/staging.larive.com\/nl\/wp-json\/wp\/v2\/pages\/22572","targetHints":{"allow":["GET"]}}],"collection":[{"href":"https:\/\/staging.larive.com\/nl\/wp-json\/wp\/v2\/pages"}],"about":[{"href":"https:\/\/staging.larive.com\/nl\/wp-json\/wp\/v2\/types\/page"}],"author":[{"embeddable":true,"href":"https:\/\/staging.larive.com\/nl\/wp-json\/wp\/v2\/users\/1"}],"replies":[{"embeddable":true,"href":"https:\/\/staging.larive.com\/nl\/wp-json\/wp\/v2\/comments?post=22572"}],"version-history":[{"count":0,"href":"https:\/\/staging.larive.com\/nl\/wp-json\/wp\/v2\/pages\/22572\/revisions"}],"wp:attachment":[{"href":"https:\/\/staging.larive.com\/nl\/wp-json\/wp\/v2\/media?parent=22572"}],"curies":[{"name":"wp","href":"https:\/\/api.w.org\/{rel}","templated":true}]}}